{"id":11,"date":"2020-03-02T12:14:04","date_gmt":"2020-03-02T11:14:04","guid":{"rendered":"https:\/\/implacheck.de\/infoportal\/?page_id=11"},"modified":"2021-02-05T10:25:51","modified_gmt":"2021-02-05T09:25:51","slug":"rund-um-die-implantologie","status":"publish","type":"page","link":"https:\/\/implacheck.de\/infoportal\/rund-um-die-implantologie\/","title":{"rendered":"Rund um die Implantologie"},"content":{"rendered":"\n\n\n<div class=\"news-list\">\n<div class=\"uk-scope\">\n<div uk-filter=\"target: #wk-grid819\">\n\n    <ul class=\"uk-subnav uk-subnav-divider\">\n\n                <li class=\"uk-active\" uk-filter-control><a href=\"#\">Alle<\/a><\/li>\n        \n                <li  uk-filter-control=\"[data-tags*='A']\"><a href=\"#\">A<\/a><\/li>\n                <li  uk-filter-control=\"[data-tags*='B']\"><a href=\"#\">B<\/a><\/li>\n                <li  uk-filter-control=\"[data-tags*='C']\"><a href=\"#\">C<\/a><\/li>\n                <li  uk-filter-control=\"[data-tags*='D']\"><a href=\"#\">D<\/a><\/li>\n                <li  uk-filter-control=\"[data-tags*='E']\"><a href=\"#\">E<\/a><\/li>\n                <li  uk-filter-control=\"[data-tags*='F']\"><a href=\"#\">F<\/a><\/li>\n                <li  uk-filter-control=\"[data-tags*='G']\"><a href=\"#\">G<\/a><\/li>\n                <li  uk-filter-control=\"[data-tags*='H']\"><a href=\"#\">H<\/a><\/li>\n                <li  uk-filter-control=\"[data-tags*='I']\"><a href=\"#\">I<\/a><\/li>\n                <li  uk-filter-control=\"[data-tags*='J']\"><a href=\"#\">J<\/a><\/li>\n                <li  uk-filter-control=\"[data-tags*='K']\"><a href=\"#\">K<\/a><\/li>\n                <li  uk-filter-control=\"[data-tags*='L']\"><a href=\"#\">L<\/a><\/li>\n                <li  uk-filter-control=\"[data-tags*='M']\"><a href=\"#\">M<\/a><\/li>\n                <li  uk-filter-control=\"[data-tags*='N']\"><a href=\"#\">N<\/a><\/li>\n                <li  uk-filter-control=\"[data-tags*='O']\"><a href=\"#\">O<\/a><\/li>\n                <li  uk-filter-control=\"[data-tags*='P']\"><a href=\"#\">P<\/a><\/li>\n                <li  uk-filter-control=\"[data-tags*='Q']\"><a href=\"#\">Q<\/a><\/li>\n                <li  uk-filter-control=\"[data-tags*='R']\"><a href=\"#\">R<\/a><\/li>\n                <li  uk-filter-control=\"[data-tags*='S']\"><a href=\"#\">S<\/a><\/li>\n                <li  uk-filter-control=\"[data-tags*='T']\"><a href=\"#\">T<\/a><\/li>\n                <li  uk-filter-control=\"[data-tags*='U']\"><a href=\"#\">U<\/a><\/li>\n                <li  uk-filter-control=\"[data-tags*='V']\"><a href=\"#\">V<\/a><\/li>\n                <li  uk-filter-control=\"[data-tags*='W']\"><a href=\"#\">W<\/a><\/li>\n                <li  uk-filter-control=\"[data-tags*='X']\"><a href=\"#\">X<\/a><\/li>\n                <li  uk-filter-control=\"[data-tags*='Y']\"><a href=\"#\">Y<\/a><\/li>\n                <li  uk-filter-control=\"[data-tags*='Z']\"><a href=\"#\">Z<\/a><\/li>\n        \n    <\/ul>\n\n\n    <div id=\"wk-grid819\" class=\"uk-child-width-1-1 uk-child-width-1-1@xl uk-grid-match uk-text-left \" uk-height-match=\"target: > div > .uk-panel, > div > .uk-card; row: true\" uk-grid  uk-scrollspy=\"cls: uk-animation-slide-top; target: > div > .uk-panel, > div > .uk-card; delay: 200\">\n\n    \n        <div data-tags=\"R Rauchen Risiko Z Zahnimplantat rauchen Zahnimplantat Risiko\">\n            <div class=\"uk-panel\">\n\n                \n                \n                \n                \n                    \n                        \n                                                <h3 class=\"uk-panel uk-margin-remove-top\">\n\n                                                            <a class=\"uk-link-reset\" href=\"https:\/\/implacheck.de\/infoportal\/fuer-patienten\/2020\/zahnimplantate-trotz-risikofaktoren\/\">Zahnimplantate trotz Risikofaktoren<\/a>\n                            \n                            \n                        <\/h3>\n                        \n                                                <p class=\"uk-article-meta\">Verfasst von implacheck<\/p>\n                        \n                        \n                                                <div class=\"uk-margin\">Viele Patienten besitzen vor einer Zahnbehandlung verschiedene Risikofaktoren. Doch ist dies grunds\u00e4tzlich ein Ausschlusskriterium f\u00fcr das Setzen eines Implantates?<\/div>\n                        \n                        \n                                                <p><a class=\"uk-button uk-button-default\" href=\"https:\/\/implacheck.de\/infoportal\/fuer-patienten\/2020\/zahnimplantate-trotz-risikofaktoren\/\">ganzen Artikel lesen<\/a><\/p>\n                        \n                    \n                \n            <\/div>\n        <\/div>\n\n    \n        <div data-tags=\"B Br\u00fccke Br\u00fccke Implantat I Implantat\">\n            <div class=\"uk-panel\">\n\n                \n                \n                \n                \n                    \n                        \n                                                <h3 class=\"uk-panel uk-margin-remove-top\">\n\n                                                            <a class=\"uk-link-reset\" href=\"https:\/\/implacheck.de\/infoportal\/fuer-patienten\/2020\/bruecke-oder-implantat\/\">Br\u00fccke oder Implantat?<\/a>\n                            \n                            \n                        <\/h3>\n                        \n                                                <p class=\"uk-article-meta\">Verfasst von implacheck<\/p>\n                        \n                        \n                                                <div class=\"uk-margin\">Bei einem fehlenden Zahn stehen viele Patienten vor der gro\u00dfen Frage: Br\u00fccke oder Implantat? Was ist das Richtige f\u00fcr mich?<\/div>\n                        \n                        \n                                                <p><a class=\"uk-button uk-button-default\" href=\"https:\/\/implacheck.de\/infoportal\/fuer-patienten\/2020\/bruecke-oder-implantat\/\">ganzen Artikel lesen<\/a><\/p>\n                        \n                    \n                \n            <\/div>\n        <\/div>\n\n    \n        <div data-tags=\"erhalten I Implantat Pflege Implantate Implantate erhalten Implantatpflege P Pflege\">\n            <div class=\"uk-panel\">\n\n                \n                \n                \n                \n                    \n                        \n                                                <h3 class=\"uk-panel uk-margin-remove-top\">\n\n                                                            <a class=\"uk-link-reset\" href=\"https:\/\/implacheck.de\/infoportal\/fuer-patienten\/2020\/so-halten-implantate-ein-leben-lang\/\">So halten Implantate ein Leben Lang<\/a>\n                            \n                            \n                        <\/h3>\n                        \n                                                <p class=\"uk-article-meta\">Verfasst von implacheck<\/p>\n                        \n                        \n                                                <div class=\"uk-margin\">Ein Implantat steht f\u00fcr eine Investition in \u00c4sthetik, Langlebigkeit und Funktion und ist nat\u00fcrlich auch mit h\u00f6heren Kosten verbunden, als beispielsweise eine Br\u00fccke.<\/div>\n                        \n                        \n                                                <p><a class=\"uk-button uk-button-default\" href=\"https:\/\/implacheck.de\/infoportal\/fuer-patienten\/2020\/so-halten-implantate-ein-leben-lang\/\">ganzen Artikel lesen<\/a><\/p>\n                        \n                    \n                \n            <\/div>\n        <\/div>\n\n    \n        <div data-tags=\"knochenaufbau S sinus sinuslift\">\n            <div class=\"uk-panel\">\n\n                \n                \n                \n                \n                    \n                        \n                                                <h3 class=\"uk-panel uk-margin-remove-top\">\n\n                                                            <a class=\"uk-link-reset\" href=\"https:\/\/implacheck.de\/infoportal\/fuer-patienten\/2020\/sinuslift\/\">Sinuslift<\/a>\n                            \n                            \n                        <\/h3>\n                        \n                                                <p class=\"uk-article-meta\">Verfasst von implacheck<\/p>\n                        \n                        \n                                                <div class=\"uk-margin\">Der Sinuslift gilt als einer der revolution\u00e4rsten und spannendsten Techniken zum Setzen eines Zahnimplantates im seitlichen Oberkiefer.<\/div>\n                        \n                        \n                                                <p><a class=\"uk-button uk-button-default\" href=\"https:\/\/implacheck.de\/infoportal\/fuer-patienten\/2020\/sinuslift\/\">ganzen Artikel lesen<\/a><\/p>\n                        \n                    \n                \n            <\/div>\n        <\/div>\n\n    \n        <div data-tags=\"0% Finanzierung F Finanzieren Kosten erfahren Kosten sparen Ratenzahlung Z\">\n            <div class=\"uk-panel\">\n\n                \n                \n                \n                \n                    \n                        \n                                                <h3 class=\"uk-panel uk-margin-remove-top\">\n\n                                                            <a class=\"uk-link-reset\" href=\"https:\/\/implacheck.de\/infoportal\/fuer-patienten\/2020\/zinsfrei-finanzieren\/\">Zinsfrei Finanzieren<\/a>\n                            \n                            \n                        <\/h3>\n                        \n                                                <p class=\"uk-article-meta\">Verfasst von implacheck<\/p>\n                        \n                        \n                                                <div class=\"uk-margin\">Jeder in Deutschland, der ein Zahnimplantat ben\u00f6tigt, sollte auch eins bekommen k\u00f6nnen!\nEin strahlendes L\u00e4cheln, gesund zubei\u00dfen k\u00f6nnen, Ihren Alltag wieder schmerzfrei meistern:<\/div>\n                        \n                        \n                                                <p><a class=\"uk-button uk-button-default\" href=\"https:\/\/implacheck.de\/infoportal\/fuer-patienten\/2020\/zinsfrei-finanzieren\/\">ganzen Artikel lesen<\/a><\/p>\n                        \n                    \n                \n            <\/div>\n        <\/div>\n\n    \n        <div data-tags=\"I Implantologen in der N\u00e4he Qualifikation Qualit\u00e4t Spezialist Zahn\u00e4rzte Zahn\u00e4rzte in der N\u00e4he\">\n            <div class=\"uk-panel\">\n\n                \n                \n                \n                \n                    \n                        \n                                                <h3 class=\"uk-panel uk-margin-remove-top\">\n\n                                                            <a class=\"uk-link-reset\" href=\"https:\/\/implacheck.de\/infoportal\/fuer-patienten\/2020\/sie-suchen-einen-qualifizierten-implantologen\/\">Sie suchen einen qualifizierten Spezialisten?<\/a>\n                            \n                            \n                        <\/h3>\n                        \n                                                <p class=\"uk-article-meta\">Verfasst von implacheck<\/p>\n                        \n                        \n                                                <div class=\"uk-margin\">Wir m\u00f6chten Ihnen helfen, eine bessere Entscheidung zugunsten Ihrer Zahngesundheit zu treffen.\nMit unserer implacheck\u00a9 Praxissuche finden Sie ganz einfach einen qualifizierten, erfahrenen und zuverl\u00e4ssigen Implantologen in Ihrer N\u00e4he.<\/div>\n                        \n                        \n                                                <p><a class=\"uk-button uk-button-default\" href=\"https:\/\/implacheck.de\/infoportal\/fuer-patienten\/2020\/sie-suchen-einen-qualifizierten-implantologen\/\">ganzen Artikel lesen<\/a><\/p>\n                        \n                    \n                \n            <\/div>\n        <\/div>\n\n    \n    <\/div>\n\n<\/div>\n<\/div>\n<\/div>\n","protected":false},"excerpt":{"rendered":"","protected":false},"author":1,"featured_media":0,"parent":0,"menu_order":0,"comment_status":"closed","ping_status":"closed","template":"","meta":[],"_links":{"self":[{"href":"https:\/\/implacheck.de\/infoportal\/wp-json\/wp\/v2\/pages\/11"}],"collection":[{"href":"https:\/\/implacheck.de\/infoportal\/wp-json\/wp\/v2\/pages"}],"about":[{"href":"https:\/\/implacheck.de\/infoportal\/wp-json\/wp\/v2\/types\/page"}],"author":[{"embeddable":true,"href":"https:\/\/implacheck.de\/infoportal\/wp-json\/wp\/v2\/users\/1"}],"replies":[{"embeddable":true,"href":"https:\/\/implacheck.de\/infoportal\/wp-json\/wp\/v2\/comments?post=11"}],"version-history":[{"count":0,"href":"https:\/\/implacheck.de\/infoportal\/wp-json\/wp\/v2\/pages\/11\/revisions"}],"wp:attachment":[{"href":"https:\/\/implacheck.de\/infoportal\/wp-json\/wp\/v2\/media?parent=11"}],"curies":[{"name":"wp","href":"https:\/\/api.w.org\/{rel}","templated":true}]}}