{"id":696,"date":"2020-03-24T19:52:59","date_gmt":"2020-03-24T18:52:59","guid":{"rendered":"https:\/\/implacheck.de\/implantologe\/?page_id=696"},"modified":"2021-05-06T13:59:56","modified_gmt":"2021-05-06T11:59:56","slug":"zahnreich","status":"publish","type":"page","link":"https:\/\/implacheck.de\/implantologe\/zahnreich\/","title":{"rendered":"Zahnreich"},"content":{"rendered":"\n<script src=\"https:\/\/dr-flex.de\/embed.js?medicalPracticeId=40221\"><\/script>\n\n<div class=\"mobile-impl-contacts\">\n<a href=\"javascript:toggleDrFlexAppointments()\" style=\"...\" class=\"\"><span class=\"icon-calendar\"><\/span><\/a>\n<a href=\"tel:0800 2030200 006\"><span class=\"icon-phone\"><\/span><\/a>\n<a href=\"mailto:info@zahnreich.de\"><span class=\"icon-paper-plane\"><\/span><\/a>\n<\/div>\n\n\n<div class=\"clr\"><\/div>\n\n\n<div class=\"impl-lp-header\">\n    <!-- impl-header-container -->\n<img src=\"\/implantologe\/wp-content\/uploads\/sites\/2\/2020\/03\/zahnreich-header.png\" alt=\"Zahnimplantate \">\n    <!-- \/\/impl-header-container -->\n<\/div>\n\n\n<div class=\"wp-block-ub-tabbed-content wp-block-ub-tabbed-content-holder wp-block-ub-tabbed-content-horizontal-holder-mobile wp-block-ub-tabbed-content-horizontal-holder-tablet\" id=\"ub-tabbed-content-5bae4f72-874c-44a1-88f5-fe9be87ee4dc\">\n                <div class=\"wp-block-ub-tabbed-content-tab-holder horizontal-tab-width-mobile horizontal-tab-width-tablet\">\n                    <div role=\"tablist\" class=\"wp-block-ub-tabbed-content-tabs-title wp-block-ub-tabbed-content-tabs-title-mobile-horizontal-tab wp-block-ub-tabbed-content-tabs-title-tablet-horizontal-tab\"><div role=\"tab\" id=\"ub-tabbed-content-5bae4f72-874c-44a1-88f5-fe9be87ee4dc-tab-0\" aria-controls=\"ub-tabbed-content-5bae4f72-874c-44a1-88f5-fe9be87ee4dc-panel-0\"\n            aria-selected=\"false\" class = \"wp-block-ub-tabbed-content-tab-title-wrap\" tabindex=\"-1\">\n            <div class=\"wp-block-ub-tabbed-content-tab-title\">Dr. Rolf Weickum<\/div><\/div><div role=\"tab\" id=\"ub-tabbed-content-5bae4f72-874c-44a1-88f5-fe9be87ee4dc-tab-1\" aria-controls=\"ub-tabbed-content-5bae4f72-874c-44a1-88f5-fe9be87ee4dc-panel-1\"\n            aria-selected=\"true\" class = \"wp-block-ub-tabbed-content-tab-title-wrap active\" tabindex=\"-1\">\n            <div class=\"wp-block-ub-tabbed-content-tab-title\">Dr. Daniel Farhan<\/div><\/div><\/div><\/div>\n                <div class=\"wp-block-ub-tabbed-content-tabs-content\"><div role=\"tabpanel\" class=\"wp-block-ub-tabbed-content-tab-content-wrap ub-hide\"\n        id=\"ub-tabbed-content-5bae4f72-874c-44a1-88f5-fe9be87ee4dc-panel-0\" aria-labelledby=\"ub-tabbed-content-5bae4f72-874c-44a1-88f5-fe9be87ee4dc-tab-0\" tabindex=\"0\">\n\n<div class=\"under-header\">\n<div class=\"uh-qualifikationen\"><ul>\n<li>setzt 500 Implantate j\u00e4hrl.<\/li>\n<li>Fachzahnarzt f\u00fcr Oralchirurgie<\/li>\n<li>T\u00e4tigkeitsschwerpunkt Implantologie<\/li>\n<\/ul><\/div>\n<div class=\"uh-buttons\">\n\n<a href=\"javascript:toggleDrFlexAppointments()\" style=\"...\" class=\"\"><div><span class=\"icon-calendar\"><\/span> jetzt Erstgespr\u00e4ch buchen<\/div><\/a>\n\n\n<a href=\"tel:0800 2030200 006\"><div><span class=\"icon-phone\"><\/span> 0800 2030200 006<\/div><\/a>\n\n<\/div>\n<\/div>\n<div class=\"clr\"><\/div>\n\n<div class=\"main-content-impl-lp\">\n<div class=\"mci-lp-left\">\n<h1>Dr. Rolf Weickum &#8211; Spezialist f\u00fcr Zahnimplantate<\/h1>\n    \n    <!-- impl-PB-container -->\n<img src=\"\/implantologe\/wp-content\/uploads\/\/sites\/2\/2020\/03\/dr-weickum.png\" alt=\"Dr. Rolf Weickum - Spezialist f\u00fcr Zahnimplantate\">\n    <!-- \/\/impl-PB-container -->\n    <div class=\"mci-lp-left-qualifikationen\">\n<ul>\n<li>setzt 500 Implantate j\u00e4hrl.<\/li>\n<li>Fachzahnarzt f\u00fcr Oralchirurgie<\/li>\n<li>T\u00e4tigkeitsschwerpunkt Implantologie<\/li>\n<\/ul>\n    <\/div>\n<\/div>\n\n<div class=\"mci-lp-center\">\n    <h2>Ihr Experte in Heidelberg<\/h2>\n    <p>Dr. Rolf Weickum ist Ihr Experte f\u00fcr Zahnimplantate.\nSeine Praxis  finden Sie in der Kurf\u00fcrstenanlage 7 in 69115 Heidelberg.\nVereinbaren Sie ein Erstgespr\u00e4ch in der Praxis und lassen Sie sich zu Ihrer individuellen Implantatversorgung beraten. <\/p>\n    <a href=\"javascript:toggleDrFlexAppointments()\" style=\"...\" class=\"\"><span class=\"icon-calendar\"><\/span> jetzt Erstgespr\u00e4ch buchen<\/a>\n    <a href=\"tel:0800 2030200 006\"><span class=\"icon-phone\"><\/span> 0800 2030200 006<\/a>\n    \n    \n    \n<\/div>\n    \n <div class=\"mci-lp-right\">\n     <div class=\"mci-lp-right-inner\">\n<!-- impl-LOGO-container -->\n     <img src=\"\/implantologe\/wp-content\/uploads\/sites\/2\/2020\/03\/zahnreich-logo.png.webp\" alt=\" - Zahnimplantate\">\n<!-- \/\/impl-LOGO-container -->\n     \n    <div class=\"mci-lp-adress\">\n     <h3>Adresse:<\/h3>\n        Kurf\u00fcrstenanlage 7\n        <p>69115 <b>Heidelberg<\/b><\/p>\n     <\/div> \n     \n     <div class=\"mci-lp-contact\">\n     <h3>Kontakt:<\/h3>\n        <p><a href=\"tel:0800 2030200 006\"><span class=\"icon-phone\"><\/span> 0800 2030200 006<\/a><\/p>\n        <p><a href=\"javascript:toggleDrFlexAppointments()\" style=\"...\" class=\"\"><span class=\"icon-calendar\"><\/span> jetzt Erstgespr\u00e4ch buchen<\/a><\/p>\n     <\/div> \n     \n     <div class=\"mci-lp-oez\">\n     <h3>\u00d6ffungszeiten:<\/h3>\n        <div><table>\r\n  <tr>\r\n    <td>Montag<\/td>\r\n    <td>07:00-20:00 Uhr<\/td>\r\n  <\/tr>\r\n  <tr>\r\n    <td>Dienstag<\/td>\r\n    <td>07:00-20:00 Uhr<\/td>\r\n  <\/tr>\r\n  <tr>\r\n    <td>Mittwoch<\/td>\r\n    <td>07:00-20:00 Uhr<\/td>\r\n  <\/tr>\r\n  <tr>\r\n    <td>Donnerstag<\/td>\r\n    <td>07:00-20:00 Uhr<\/td>\r\n  <\/tr>\r\n  <tr>\r\n    <td>Freitag<\/td>\r\n    <td>07:00-20:00 Uhr<\/td>\r\n  <\/tr>\r\n  <tr>\r\n    <td>Samstag<\/td>\r\n    <td>geschlossen<\/td>\r\n  <\/tr>\r\n<\/table><\/div>\n     <\/div> \n     \n     <div class=\"mci-lp-hp\">\n     <a href=\"https:\/\/www.zahnreich.de\/\" target=\"_blank\" rel=\"noopener\"><div class=\"link-to-hp\">zur Praxis-Homepage<\/div><\/a>\n     <\/div> \n     <\/div>\n<\/div>        \n<\/div>\n        <div class=\"clr\"><\/div>\n\n<\/div><div role=\"tabpanel\" class=\"wp-block-ub-tabbed-content-tab-content-wrap active\"\n        id=\"ub-tabbed-content-5bae4f72-874c-44a1-88f5-fe9be87ee4dc-panel-1\" aria-labelledby=\"ub-tabbed-content-5bae4f72-874c-44a1-88f5-fe9be87ee4dc-tab-1\" tabindex=\"0\">\n\n<div class=\"under-header\">\n<div class=\"uh-qualifikationen\"><ul>\n<li>setzt 500 Implantate j\u00e4hrl.<\/li>\n<li>Fachzahnarzt f\u00fcr Oralchirurgie<\/li>\n<li>T\u00e4tigkeitsschwerpunkt Implantologie<\/li>\n<\/ul><\/div>\n<div class=\"uh-buttons\">\n\n<a href=\"javascript:toggleDrFlexAppointments()\" style=\"...\" class=\"\"><div><span class=\"icon-calendar\"><\/span> jetzt Erstgespr\u00e4ch buchen<\/div><\/a>\n\n\n<a href=\"tel:0800 2030200 006\"><div><span class=\"icon-phone\"><\/span> 0800 2030200 006<\/div><\/a>\n\n<\/div>\n<\/div>\n<div class=\"clr\"><\/div>\n\n<div class=\"main-content-impl-lp\">\n<div class=\"mci-lp-left\">\n<h1>Dr. Daniel Farhan &#8211; Spezialist f\u00fcr Zahnimplantate<\/h1>\n    \n    <!-- impl-PB-container -->\n<img src=\"\/implantologe\/wp-content\/uploads\/sites\/2\/2020\/03\/dr-fahrhahn.png\" alt=\"Dr. Daniel Farhan - Spezialist f\u00fcr Zahnimplantate\">\n    <!-- \/\/impl-PB-container -->\n    <div class=\"mci-lp-left-qualifikationen\">\n<ul>\n<li>setzt 500 Implantate j\u00e4hrl.<\/li>\n<li>Fachzahnarzt f\u00fcr Oralchirurgie<\/li>\n<li>T\u00e4tigkeitsschwerpunkt Implantologie<\/li>\n<\/ul>\n<div class=\"form\"><p>Pers\u00f6nliche Frage stellen<\/p><p class=\"form-ds\">Durch das Absenden des Formulars akzeptieren Sie unsere <a href=\"\/datenschutz\">Datenschutzerkl\u00e4rung<\/a>.<\/p><\/div>\n    <\/div>\n<\/div>\n\n<div class=\"mci-lp-center\">\n    <h2>Ihr Experte in Heidelberg<\/h2>\n    <p>Dr. Daniel Farhan ist Ihr Experte f\u00fcr Zahnimplantate.\nSeine Praxis  finden Sie in der Kurf\u00fcrstenanlage 7 in 69115 Heidelberg.\nVereinbaren Sie ein Erstgespr\u00e4ch in der Praxis und lassen Sie sich zu Ihrer individuellen Implantatversorgung beraten. <\/p>\n    <a href=\"javascript:toggleDrFlexAppointments()\" style=\"...\" class=\"\"><span class=\"icon-calendar\"><\/span> jetzt Erstgespr\u00e4ch buchen<\/a>\n    <a href=\"tel:0800 2030200 006\"><span class=\"icon-phone\"><\/span> 0800 2030200 006<\/a>\n    \n   \n    \n<\/div>\n    \n <div class=\"mci-lp-right\">\n     <div class=\"mci-lp-right-inner\">\n<!-- impl-LOGO-container -->\n     <img src=\"\/implantologe\/wp-content\/uploads\/sites\/2\/2020\/03\/zahnreich-logo.png\" alt=\" - Zahnimplantate\">\n<!-- \/\/impl-LOGO-container -->\n     \n    <div class=\"mci-lp-adress\">\n     <h3>Adresse:<\/h3>\n        Kurf\u00fcrstenanlage 7\n        <p>69115 <b>Heidelberg<\/b><\/p>\n     <\/div> \n     \n     <div class=\"mci-lp-contact\">\n     <h3>Kontakt:<\/h3>\n        <p><a href=\"tel:0800 2030200 006\"><span class=\"icon-phone\"><\/span> 0800 2030200 006<\/a><\/p>\n        <p><a href=\"javascript:toggleDrFlexAppointments()\" style=\"...\" class=\"\"><span class=\"icon-calendar\"><\/span> jetzt Erstgespr\u00e4ch buchen<\/a><\/p>\n     <\/div> \n     \n     <div class=\"mci-lp-oez\">\n     <h3>\u00d6ffungszeiten:<\/h3>\n        <div><table>\r\n  <tr>\r\n    <td>Montag<\/td>\r\n    <td>07:00-20:00 Uhr<\/td>\r\n  <\/tr>\r\n  <tr>\r\n    <td>Dienstag<\/td>\r\n    <td>07:00-20:00 Uhr<\/td>\r\n  <\/tr>\r\n  <tr>\r\n    <td>Mittwoch<\/td>\r\n    <td>07:00-20:00 Uhr<\/td>\r\n  <\/tr>\r\n  <tr>\r\n    <td>Donnerstag<\/td>\r\n    <td>07:00-20:00 Uhr<\/td>\r\n  <\/tr>\r\n  <tr>\r\n    <td>Freitag<\/td>\r\n    <td>07:00-20:00 Uhr<\/td>\r\n  <\/tr>\r\n  <tr>\r\n    <td>Samstag<\/td>\r\n    <td>geschlossen<\/td>\r\n  <\/tr>\r\n<\/table><\/div>\n     <\/div> \n     \n     <div class=\"mci-lp-hp\">\n     <a href=\"https:\/\/www.zahnreich.de\/\" target=\"_blank\" rel=\"noopener\"><div class=\"link-to-hp\">zur Praxis-Homepage<\/div><\/a>\n     <\/div> \n     <\/div>\n<\/div>        \n<\/div>\n        <div class=\"clr\"><\/div>\n\n<\/div><\/div>\n            <\/div>\n\n\n\n\n\n\n<p>\nLiebe Patienten, liebe Besucher,<br>\nwir freuen uns, dass Sie Zahnreich n\u00e4her kennenlernen m\u00f6chten!\nWir setzen auf die Pr\u00e4vention, um Ihre Zahngesundheit langfristig sicherzustellen.<br>\nDoch nicht immer l\u00e4sst sich der Verlust eines Zahnes verhindern. Um Ihre Kaufunktion, \u00c4sthetik und Ihr Wohlbefinden wiederherzustellen und Folgesch\u00e4den wie z.B. Knochenbau oder Kiefergelenkbeschwerden entgegenzuwirken, sind Zahnimplantate die ideale L\u00f6sung.\n<br><br>\nDurch die Spezialisierung und Erfahrung der zertifizierten Implantologen Dr. Weickum (Facharzt f\u00fcr Oralchirurgie) und Dr. Farhan MSc. (T\u00e4tigkeitsschwerpunkt Implantologie) sind Sie bei uns in guten H\u00e4nden rund um das Thema Zahnimplantate.<br>\nUnser hauseigenes Praxis- und Meister-Dentallabor fertigt f\u00fcr Sie schnell und zuverl\u00e4ssig Ihren Zahnersatz auf h\u00f6chstem technischen Niveau.\n<br><br>\nEine individuelle Beratung \u201eauf Augenh\u00f6he\u201c ist f\u00fcr uns selbstverst\u00e4ndlich. Wir erl\u00e4utern Ihnen alle Behandlungsabl\u00e4ufe. Sie stehen bei uns als Patient im Mittelpunkt.\n<br><br>\nIn unserer Praxis erwartet Sie ein qualifiziertes, gut eingespieltes und engagiertes Praxisteam. Modern ausgestattete Praxisr\u00e4umlichkeiten und innovative Behandlungs- und Diagnosetechniken sollen Ihren Aufenthalt bei uns so angenehmen wie m\u00f6glich machen.\n<br><br>\nWir freuen uns Sie unserer Gemeinschaftspraxis in der Heidelberger Innenstadt n\u00e4her kennenlernen zu d\u00fcrfen.<br>\nIhr Dr. Weickum und Dr. Farhan\n\n<\/p>\n<a href=\"javascript:toggleDrFlexAppointments()\" style=\"...\" class=\"\"><div class=\"btn-erstgespraech\">jetzt Erstgespr\u00e4ch vereinbaren.<\/div><\/a>\n\n\n\n<div class=\"more-lp\">\n<h6>Eindr\u00fccke aus der Praxis<\/h6>\n\n\n\n<figure class=\"wp-block-gallery columns-2 is-cropped\"><ul class=\"blocks-gallery-grid\"><li class=\"blocks-gallery-item\"><figure><a href=\"https:\/\/implacheck4-0.implacheck.de\/implantologe\/wp-content\/uploads\/sites\/2\/2020\/03\/zahnreich5-1024x659.jpg\"><img loading=\"lazy\" width=\"1024\" height=\"659\" src=\"https:\/\/implacheck4-0.implacheck.de\/implantologe\/wp-content\/uploads\/sites\/2\/2020\/03\/zahnreich5-1024x659.jpg\" alt=\"\" data-id=\"699\" data-link=\"https:\/\/implacheck4-0.implacheck.de\/implantologe\/?attachment_id=699\" class=\"wp-image-699\" srcset=\"https:\/\/implacheck.de\/implantologe\/wp-content\/uploads\/sites\/2\/2020\/03\/zahnreich5-1024x659.jpg 1024w, https:\/\/implacheck.de\/implantologe\/wp-content\/uploads\/sites\/2\/2020\/03\/zahnreich5-300x193.jpg 300w, https:\/\/implacheck.de\/implantologe\/wp-content\/uploads\/sites\/2\/2020\/03\/zahnreich5-768x494.jpg 768w, https:\/\/implacheck.de\/implantologe\/wp-content\/uploads\/sites\/2\/2020\/03\/zahnreich5.jpg 1200w\" sizes=\"(max-width: 1024px) 100vw, 1024px\" \/><\/a><\/figure><\/li><li class=\"blocks-gallery-item\"><figure><a href=\"https:\/\/implacheck4-0.implacheck.de\/implantologe\/wp-content\/uploads\/sites\/2\/2020\/03\/zahnreich4-1024x659.jpg\"><img loading=\"lazy\" width=\"1024\" height=\"659\" src=\"https:\/\/implacheck4-0.implacheck.de\/implantologe\/wp-content\/uploads\/sites\/2\/2020\/03\/zahnreich4-1024x659.jpg\" alt=\"\" data-id=\"700\" data-link=\"https:\/\/implacheck4-0.implacheck.de\/implantologe\/?attachment_id=700\" class=\"wp-image-700\" srcset=\"https:\/\/implacheck.de\/implantologe\/wp-content\/uploads\/sites\/2\/2020\/03\/zahnreich4-1024x659.jpg 1024w, https:\/\/implacheck.de\/implantologe\/wp-content\/uploads\/sites\/2\/2020\/03\/zahnreich4-300x193.jpg 300w, https:\/\/implacheck.de\/implantologe\/wp-content\/uploads\/sites\/2\/2020\/03\/zahnreich4-768x494.jpg 768w, https:\/\/implacheck.de\/implantologe\/wp-content\/uploads\/sites\/2\/2020\/03\/zahnreich4.jpg 1200w\" sizes=\"(max-width: 1024px) 100vw, 1024px\" \/><\/a><\/figure><\/li><li class=\"blocks-gallery-item\"><figure><a href=\"https:\/\/implacheck4-0.implacheck.de\/implantologe\/wp-content\/uploads\/sites\/2\/2020\/03\/zahnreich2-1024x659.jpg\"><img loading=\"lazy\" width=\"1024\" height=\"659\" src=\"https:\/\/implacheck4-0.implacheck.de\/implantologe\/wp-content\/uploads\/sites\/2\/2020\/03\/zahnreich2-1024x659.jpg\" alt=\"\" data-id=\"701\" data-link=\"https:\/\/implacheck4-0.implacheck.de\/implantologe\/?attachment_id=701\" class=\"wp-image-701\" srcset=\"https:\/\/implacheck.de\/implantologe\/wp-content\/uploads\/sites\/2\/2020\/03\/zahnreich2-1024x659.jpg 1024w, https:\/\/implacheck.de\/implantologe\/wp-content\/uploads\/sites\/2\/2020\/03\/zahnreich2-300x193.jpg 300w, https:\/\/implacheck.de\/implantologe\/wp-content\/uploads\/sites\/2\/2020\/03\/zahnreich2-768x494.jpg 768w, https:\/\/implacheck.de\/implantologe\/wp-content\/uploads\/sites\/2\/2020\/03\/zahnreich2.jpg 1200w\" sizes=\"(max-width: 1024px) 100vw, 1024px\" \/><\/a><\/figure><\/li><li class=\"blocks-gallery-item\"><figure><a href=\"https:\/\/implacheck4-0.implacheck.de\/implantologe\/wp-content\/uploads\/sites\/2\/2020\/03\/zahnreich1-1024x659.jpg\"><img loading=\"lazy\" width=\"1024\" height=\"659\" src=\"https:\/\/implacheck4-0.implacheck.de\/implantologe\/wp-content\/uploads\/sites\/2\/2020\/03\/zahnreich1-1024x659.jpg\" alt=\"\" data-id=\"702\" data-link=\"https:\/\/implacheck4-0.implacheck.de\/implantologe\/?attachment_id=702\" class=\"wp-image-702\" srcset=\"https:\/\/implacheck.de\/implantologe\/wp-content\/uploads\/sites\/2\/2020\/03\/zahnreich1-1024x659.jpg 1024w, https:\/\/implacheck.de\/implantologe\/wp-content\/uploads\/sites\/2\/2020\/03\/zahnreich1-300x193.jpg 300w, https:\/\/implacheck.de\/implantologe\/wp-content\/uploads\/sites\/2\/2020\/03\/zahnreich1-768x494.jpg 768w, https:\/\/implacheck.de\/implantologe\/wp-content\/uploads\/sites\/2\/2020\/03\/zahnreich1.jpg 1200w\" sizes=\"(max-width: 1024px) 100vw, 1024px\" \/><\/a><\/figure><\/li><\/ul><\/figure>\n\n\n\n<\/div><\/div>\n<div class=\"clr\"><\/div>\n\n\n\n<p>Der Zahnarzt setzt das Zahnimplantat chirurgisch in die Kieferwurzel ein. Implantate werden als St\u00fctzen f\u00fcr Zahnprothesen (Implantate) wie Kronen, Br\u00fccken oder bewegliche Prothesen verwendet. Implantate mit geeigneten Prothesen bedeuten nicht nur eine verbesserte Lebensqualit\u00e4t, sondern sind auch aus medizinischer Sicht sehr n\u00fctzlich. Grund: Da die Kaukraft direkt auf den Kieferknochen \u00fcbertragen wird, k\u00f6nnen Zahnimplantate einen Knochenverlust verhindern. Daher ist es wichtig, nicht zu lange auf das Einsetzen des Implantats zu warten, da die Knochen im schlimmsten Fall bis zu einem Grad schrumpfen, der gesundheitssch\u00e4dlich sein kann.<\/p>\n","protected":false},"excerpt":{"rendered":"<p>Liebe Patienten, liebe Besucher, wir freuen uns, dass Sie Zahnreich n\u00e4her kennenlernen m\u00f6chten! Wir setzen auf die Pr\u00e4vention, um Ihre Zahngesundheit langfristig sicherzustellen. Doch nicht immer l\u00e4sst sich der Verlust eines Zahnes verhindern. Um Ihre Kaufunktion, \u00c4sthetik und Ihr Wohlbefinden wiederherzustellen und Folgesch\u00e4den wie z.B. Knochenbau oder Kiefergelenkbeschwerden entgegenzuwirken, sind Zahnimplantate die ideale L\u00f6sung. Durch [&hellip;]<\/p>\n","protected":false},"author":1,"featured_media":0,"parent":0,"menu_order":0,"comment_status":"closed","ping_status":"closed","template":"","meta":{"ub_ctt_via":""},"acf":[],"featured_image_src":null,"_links":{"self":[{"href":"https:\/\/implacheck.de\/implantologe\/wp-json\/wp\/v2\/pages\/696"}],"collection":[{"href":"https:\/\/implacheck.de\/implantologe\/wp-json\/wp\/v2\/pages"}],"about":[{"href":"https:\/\/implacheck.de\/implantologe\/wp-json\/wp\/v2\/types\/page"}],"author":[{"embeddable":true,"href":"https:\/\/implacheck.de\/implantologe\/wp-json\/wp\/v2\/users\/1"}],"replies":[{"embeddable":true,"href":"https:\/\/implacheck.de\/implantologe\/wp-json\/wp\/v2\/comments?post=696"}],"version-history":[{"count":2,"href":"https:\/\/implacheck.de\/implantologe\/wp-json\/wp\/v2\/pages\/696\/revisions"}],"predecessor-version":[{"id":1579,"href":"https:\/\/implacheck.de\/implantologe\/wp-json\/wp\/v2\/pages\/696\/revisions\/1579"}],"wp:attachment":[{"href":"https:\/\/implacheck.de\/implantologe\/wp-json\/wp\/v2\/media?parent=696"}],"curies":[{"name":"wp","href":"https:\/\/api.w.org\/{rel}","templated":true}]}}