{"id":647,"date":"2020-03-17T17:09:10","date_gmt":"2020-03-17T16:09:10","guid":{"rendered":"https:\/\/implacheck.de\/implantologe\/?page_id=647"},"modified":"2021-05-06T13:59:40","modified_gmt":"2021-05-06T11:59:40","slug":"praxisklinik-hohenbuschei","status":"publish","type":"page","link":"https:\/\/implacheck.de\/implantologe\/praxisklinik-hohenbuschei\/","title":{"rendered":"Praxisklinik Hohenbuschei"},"content":{"rendered":"\n<script src=\"https:\/\/dr-flex.de\/embed.js?medicalPracticeId=40216\"><\/script>\n<div class=\"impl-lp-header\">\n    <!-- impl-header-container -->\n<img src=\"\/implantologe\/wp-content\/uploads\/sites\/2\/2020\/03\/wagner-titelbild2.png\" alt=\"Zahnimplantate \">\n    <!-- \/\/impl-header-container -->\n<\/div>\n\n\n<div class=\"wp-block-ub-tabbed-content wp-block-ub-tabbed-content-holder wp-block-ub-tabbed-content-horizontal-holder-mobile wp-block-ub-tabbed-content-horizontal-holder-tablet\" id=\"ub-tabbed-content-d7a21469-0ed2-446a-b8c9-9dbb3ff7e4b9\">\n                <div class=\"wp-block-ub-tabbed-content-tab-holder horizontal-tab-width-mobile horizontal-tab-width-tablet\">\n                    <div role=\"tablist\" class=\"wp-block-ub-tabbed-content-tabs-title wp-block-ub-tabbed-content-tabs-title-mobile-horizontal-tab wp-block-ub-tabbed-content-tabs-title-tablet-horizontal-tab\"><div role=\"tab\" id=\"ub-tabbed-content-d7a21469-0ed2-446a-b8c9-9dbb3ff7e4b9-tab-0\" aria-controls=\"ub-tabbed-content-d7a21469-0ed2-446a-b8c9-9dbb3ff7e4b9-panel-0\"\n            aria-selected=\"true\" class = \"wp-block-ub-tabbed-content-tab-title-wrap active\" tabindex=\"-1\">\n            <div class=\"wp-block-ub-tabbed-content-tab-title\">Dr. Rouven Wagner<\/div><\/div><div role=\"tab\" id=\"ub-tabbed-content-d7a21469-0ed2-446a-b8c9-9dbb3ff7e4b9-tab-1\" aria-controls=\"ub-tabbed-content-d7a21469-0ed2-446a-b8c9-9dbb3ff7e4b9-panel-1\"\n            aria-selected=\"false\" class = \"wp-block-ub-tabbed-content-tab-title-wrap\" tabindex=\"-1\">\n            <div class=\"wp-block-ub-tabbed-content-tab-title\">Dr. Sandra Wagner<\/div><\/div><\/div><\/div>\n                <div class=\"wp-block-ub-tabbed-content-tabs-content\"><div role=\"tabpanel\" class=\"wp-block-ub-tabbed-content-tab-content-wrap active\"\n        id=\"ub-tabbed-content-d7a21469-0ed2-446a-b8c9-9dbb3ff7e4b9-panel-0\" aria-labelledby=\"ub-tabbed-content-d7a21469-0ed2-446a-b8c9-9dbb3ff7e4b9-tab-0\" tabindex=\"0\">\n\n<div class=\"under-header\">\n<div class=\"uh-qualifikationen\"><ul>\n<li>setzt 400 Implantate j\u00e4hrl.<\/li>\n<li>Master of Science in Oralchirurgie<\/li>\n<li>Master of Science in Implantologie<\/li>\n<\/ul><\/div>\n<div class=\"uh-buttons\">\n\n<a href=\"javascript:toggleDrFlexAppointments()\" style=\"...\" class=\"\"><div><span class=\"icon-calendar\"><\/span> jetzt Erstgespr\u00e4ch buchen<\/div><\/a>\n\n\n<a href=\"tel:0800 2030200 003\"><div><span class=\"icon-phone\"><\/span> 0800 2030200 003<\/div><\/a>\n\n<\/div>\n<\/div>\n<div class=\"clr\"><\/div>\n\n<div class=\"main-content-impl-lp\">\n<div class=\"mci-lp-left\">\n<h1>Dr. Rouven Wagner &#8211; Spezialist f\u00fcr Zahnimplantate<\/h1>\n    \n    <!-- impl-PB-container -->\n<img src=\"\/implantologe\/wp-content\/uploads\/sites\/2\/2020\/03\/dr-rouven-wagner.jpg\" alt=\"Dr. Rouven Wagner - Spezialist f\u00fcr Zahnimplantate\">\n    <!-- \/\/impl-PB-container -->\n    <div class=\"mci-lp-left-qualifikationen\">\n    <ul>\n<li>setzt 400 Implantate j\u00e4hrl.<\/li>\n<li>Master of Science in Oralchirurgie<\/li>\n<li>Master of Science in Implantologie<\/li>\n<\/ul>\n<div class=\"form\"><p>Pers\u00f6nliche Frage stellen<\/p><p class=\"form-ds\">Durch das Absenden des Formulars akzeptieren Sie unsere <a href=\"\/datenschutz\">Datenschutzerkl\u00e4rung<\/a>.<\/p><\/div>\n    <\/div>\n<\/div>\n\n<div class=\"mci-lp-center\">\n    <h2>Ihr Experte in Dortmund<\/h2>\n    <p>Dr. Rouven Wagner ist Ihr Experte f\u00fcr Zahnimplantate.\nSeine Praxis  finden Sie in der Saint-Barbara-Allee 1 in 44309 Dortmund.\nVereinbaren Sie ein Erstgespr\u00e4ch in der Praxis und lassen Sie sich zu Ihrer individuellen Implantatversorgung beraten. <\/p>\n    <a href=\"javascript:toggleDrFlexAppointments()\" style=\"...\" class=\"\"><span class=\"icon-calendar\"><\/span> jetzt Erstgespr\u00e4ch buchen<\/a>\n    <a href=\"tel:0800 2030200 003\"><span class=\"icon-phone\"><\/span> 0800 2030200 003<\/a>\n    \n    <!--- FINANZIERUNG --->\n    <div class=\"finanzierung-mgl\"><p>In dieser Praxis k\u00f6nnen Sie Ihre Implantatversorgung<\/p><p class=\"finanz-bold\">12 Monate zinsfrei finanzieren!<\/p><\/div>\n    <!--- \/\/FINANZIERUNG --->\n    \n<\/div>\n    \n <div class=\"mci-lp-right\">\n     <div class=\"mci-lp-right-inner\">\n<!-- impl-LOGO-container -->\n     <img src=\"\/implantologe\/wp-content\/uploads\/sites\/2\/2020\/03\/logo-buschei.jpg\" alt=\" - Zahnimplantate\">\n<!-- \/\/impl-LOGO-container -->\n     \n    <div class=\"mci-lp-adress\">\n     <h3>Adresse:<\/h3>\n        Saint-Barbara-Allee 1\n        <p>44309 <b>Dortmund<\/b><\/p>\n     <\/div> \n     \n     <div class=\"mci-lp-contact\">\n     <h3>Kontakt:<\/h3>\n        <p><a href=\"tel:0800 2030200 003\"><span class=\"icon-phone\"><\/span> 0800 2030200 003<\/a><\/p>\n        <p><a href=\"javascript:toggleDrFlexAppointments()\" style=\"...\" class=\"\"><span class=\"icon-calendar\"><\/span> jetzt Erstgespr\u00e4ch buchen<\/a><\/p>\n     <\/div> \n     \n     <div class=\"mci-lp-oez\">\n     <h3>\u00d6ffungszeiten:<\/h3>\n        <div><table>\r\n  <tr>\r\n    <td>Montag<\/td>\r\n    <td>07:00-19:00 Uhr<\/td>\r\n  <\/tr>\r\n  <tr>\r\n    <td>Dienstag<\/td>\r\n    <td>07:00-19:00 Uhr<\/td>\r\n  <\/tr>\r\n  <tr>\r\n    <td>Mittwoch<\/td>\r\n    <td>07:00-18:00 Uhr<\/td>\r\n  <\/tr>\r\n  <tr>\r\n    <td>Donnerstag<\/td>\r\n    <td>07:00-20:00 Uhr<\/td>\r\n  <\/tr>\r\n  <tr>\r\n    <td>Freitag<\/td>\r\n    <td>07:00-16:00 Uhr<\/td>\r\n  <\/tr>\r\n  <tr>\r\n    <td>Samstag<\/td>\r\n    <td>geschlossen<\/td>\r\n  <\/tr>\r\n<\/table><\/div>\n     <\/div> \n     \n     <div class=\"mci-lp-hp\">\n     <a href=\"http:\/\/praxisklinik-hohenbuschei.de\" target=\"_blank\" rel=\"noopener\"><div class=\"link-to-hp\">zur Praxis-Homepage<\/div><\/a>\n     <\/div> \n     <\/div>\n<\/div>        \n<\/div>\n        <div class=\"clr\"><\/div>\n\n<\/div><div role=\"tabpanel\" class=\"wp-block-ub-tabbed-content-tab-content-wrap ub-hide\"\n        id=\"ub-tabbed-content-d7a21469-0ed2-446a-b8c9-9dbb3ff7e4b9-panel-1\" aria-labelledby=\"ub-tabbed-content-d7a21469-0ed2-446a-b8c9-9dbb3ff7e4b9-tab-1\" tabindex=\"0\">\n\n<p><div class=\"under-header\">\n<div class=\"uh-qualifikationen\"><ul>\n<li>setzt 400 Implantate j\u00e4hrl.<\/li>\n<li>Fach\u00e4rztin f\u00fcr Oralchirurgie<\/li>\n<li>Master of Science in Oralchirurgie<\/li>\n<li>Master of Science in Implantologie<\/li>\n<\/ul><\/div>\n<div class=\"uh-buttons\">\n\n<a href=\"javascript:toggleDrFlexAppointments()\" style=\"...\" class=\"\"><div><span class=\"icon-calendar\"><\/span> jetzt Erstgespr\u00e4ch buchen<\/div><\/a>\n\n\n<a href=\"tel:0800 2030200 003\"><div><span class=\"icon-phone\"><\/span> 0800 2030200 003<\/div><\/a>\n\n<\/div>\n<\/div>\n<div class=\"clr\"><\/div>\n\n<div class=\"main-content-impl-lp\">\n<div class=\"mci-lp-left\">\n<h1>Dr. Sandra Wagner &#8211; Spezialistin f\u00fcr Zahnimplantate<\/h1>\n    \n    <!-- impl-PB-container -->\n<img src=\"\/implantologe\/wp-content\/uploads\/sites\/2\/2020\/03\/dr-sandra-wagner.jpg\" alt=\"Dr. Sandra Wagner - Spezialist f\u00fcr Zahnimplantate\">\n    <!-- \/\/impl-PB-container -->\n    <div class=\"mci-lp-left-qualifikationen\">\n    <ul>\n<li>setzt 400 Implantate j\u00e4hrl.<\/li>\n<li>Master of Science in Oralchirurgie<\/li>\n<li>Master of Science in Implantologie<\/li>\n<\/ul>\n    <\/div>\n<\/div>\n\n<div class=\"mci-lp-center\">\n    <h2>Ihr Experte in Dortmund<\/h2>\n    <p>Dr. Sandra Wagner ist Ihr Experte f\u00fcr Zahnimplantate.\nSeine Praxis  finden Sie in der Saint-Barbara-Allee 1 in 44309 Dortmund.\nVereinbaren Sie ein Erstgespr\u00e4ch in der Praxis und lassen Sie sich zu Ihrer individuellen Implantatversorgung beraten. <\/p>\n    <a href=\"javascript:toggleDrFlexAppointments()\" style=\"...\" class=\"\"><span class=\"icon-calendar\"><\/span> jetzt Erstgespr\u00e4ch buchen<\/a>\n    <a href=\"tel:0800 2030200 003\"><span class=\"icon-phone\"><\/span> 0800 2030200 003<\/a>\n    \n    <!--- FINANZIERUNG --->\n    <div class=\"finanzierung-mgl\"><p>In dieser Praxis k\u00f6nnen Sie Ihre Implantatversorgung<\/p><p class=\"finanz-bold\">12 Monate zinsfrei finanzieren!<\/p><\/div>\n    <!--- \/\/FINANZIERUNG --->\n    \n<\/div>\n    \n <div class=\"mci-lp-right\">\n     <div class=\"mci-lp-right-inner\">\n<!-- impl-LOGO-container -->\n     <img src=\"\/implantologe\/wp-content\/uploads\/sites\/2\/2020\/03\/logo-buschei.jpg\" alt=\" - Zahnimplantate\">\n<!-- \/\/impl-LOGO-container -->\n     \n    <div class=\"mci-lp-adress\">\n     <h3>Adresse:<\/h3>\n        Saint-Barbara-Allee 1\n        <p>44309 <b>Dortmund<\/b><\/p>\n     <\/div> \n     \n     <div class=\"mci-lp-contact\">\n     <h3>Kontakt:<\/h3>\n        <p><a href=\"tel:0800 2030200 003\"><span class=\"icon-phone\"><\/span> 0800 2030200 003<\/a><\/p>\n        <p><a href=\"javascript:toggleDrFlexAppointments()\" style=\"...\" class=\"\"><span class=\"icon-calendar\"><\/span> jetzt Erstgespr\u00e4ch buchen<\/a><\/p>\n     <\/div> \n     \n     <div class=\"mci-lp-oez\">\n     <h3>\u00d6ffungszeiten:<\/h3>\n        <div><table>\r\n  <tr>\r\n    <td>Montag<\/td>\r\n    <td>07:00-19:00 Uhr<\/td>\r\n  <\/tr>\r\n  <tr>\r\n    <td>Dienstag<\/td>\r\n    <td>07:00-19:00 Uhr<\/td>\r\n  <\/tr>\r\n  <tr>\r\n    <td>Mittwoch<\/td>\r\n    <td>07:00-18:00 Uhr<\/td>\r\n  <\/tr>\r\n  <tr>\r\n    <td>Donnerstag<\/td>\r\n    <td>07:00-20:00 Uhr<\/td>\r\n  <\/tr>\r\n  <tr>\r\n    <td>Freitag<\/td>\r\n    <td>07:00-16:00 Uhr<\/td>\r\n  <\/tr>\r\n  <tr>\r\n    <td>Samstag<\/td>\r\n    <td>geschlossen<\/td>\r\n  <\/tr>\r\n<\/table><\/div>\n     <\/div> \n     \n     <div class=\"mci-lp-hp\">\n     <a href=\"http:\/\/praxisklinik-hohenbuschei.de\" target=\"_blank\" rel=\"noopener\"><div class=\"link-to-hp\">zur Praxis-Homepage<\/div><\/a>\n     <\/div> \n     <\/div>\n<\/div>        \n<\/div>\n        <div class=\"clr\"><\/div><\/p>\n\n<\/div><\/div>\n            <\/div>\n\n\n\n\n\n\n\n\n<\/div>\n\n\n\n<p>\nLiebe Patienten, liebe Besucher,<br>\nFeste und gesunde Z\u00e4hne spielen eine sehr bedeutende Rolle in unserem Leben. Sie sorgen f\u00fcr mehr Lebensfreude und steigern unser Wohlbefinden. Der Verlust eines Zahnes kann nicht immer verhindert werden. Gehen ein oder mehrere Z\u00e4hne verloren wirkt sich negativ auf die Gesundheit aus. Es kommt zu einem Knochenabbau und einer Ver\u00e4nderung der Bisssituation.\n<br><br>\nDaher sollte jeder fehlende Zahn ersetzt werden. F\u00fcr hervorragende Ergebnisse sorgt implantatgetragener Zahnersatz. Zahnimplantate sind bez\u00fcglich Aussehen und Gef\u00fchl kaum von echten Z\u00e4hnen zu unterscheiden.\n<br><br>\nIn der Praxisklinik Hohenbuschei werden \u00fcber 400 Zahnimplantate j\u00e4hrlich gesetzt. Bei Dr. Sandra Wagner und Dr. Rouven Wagner sind Sie in den richtigen H\u00e4nden. Ihr umfangreiches Fachwissen und langj\u00e4hrige chirurgische Erfahrung gew\u00e4hrleisten eine optimale Behandlung. Beide Zahn\u00e4rzte haben den Master of Science in Implantology and Oral Surgery absolviert. Weiterhin ist Dr. Sandra Wagner Fach\u00e4rztin f\u00fcr Oralchirurgie. So sind gezielte Knochenaufbauten, wenn notwendig, kein Problem.\n<br><br>\nDurch den Einsatz moderner Techniken wie der Digitalen Volumentomographie (DTV) planen wir virtuell Ihren Implantat-Zahnersatz. Durch die 3D-Darstellung k\u00f6nnen wichtige anatomische Strukturen, wie z.B. Ihre Kieferknochensituation erkannt werden. So lassen sich die genaue Position und Gr\u00f6\u00dfe der Implantate bestimmen.\n<br><br>\nSchauen Sie doch bei uns rein und lernen unser sympathisches Team kennen.\n<br><br>\nWir freuen uns auf Ihren Besuch<br>\nIhre Spezialisten f\u00fcr Zahnimplantate in Dortmund\n\n<\/p>\n<a href=\"javascript:toggleDrFlexAppointments()\" style=\"...\" class=\"\"><div class=\"btn-erstgespraech\">jetzt Erstgespr\u00e4ch vereinbaren.<\/div><\/a>\n\n\n\n<div class=\"more-lp\">\n<h6>Eindr\u00fccke aus der Praxis<\/h6>\n\n\n\n<figure class=\"wp-block-gallery columns-2 is-cropped\"><ul class=\"blocks-gallery-grid\"><li class=\"blocks-gallery-item\"><figure><a href=\"https:\/\/implacheck4-0.implacheck.de\/implantologe\/wp-content\/uploads\/sites\/2\/2020\/03\/009-_-Praxisklinik-Hohenbuschei-9376-1024x683.jpg\"><img loading=\"lazy\" width=\"1024\" height=\"683\" src=\"https:\/\/implacheck4-0.implacheck.de\/implantologe\/wp-content\/uploads\/sites\/2\/2020\/03\/009-_-Praxisklinik-Hohenbuschei-9376-1024x683.jpg\" alt=\"\" data-id=\"668\" data-link=\"https:\/\/implacheck4-0.implacheck.de\/implantologe\/praxisklinik-hohenbuschei\/009-_-praxisklinik-hohenbuschei-9376\/\" class=\"wp-image-668\" srcset=\"https:\/\/implacheck.de\/implantologe\/wp-content\/uploads\/sites\/2\/2020\/03\/009-_-Praxisklinik-Hohenbuschei-9376-1024x683.jpg 1024w, https:\/\/implacheck.de\/implantologe\/wp-content\/uploads\/sites\/2\/2020\/03\/009-_-Praxisklinik-Hohenbuschei-9376-300x200.jpg 300w, https:\/\/implacheck.de\/implantologe\/wp-content\/uploads\/sites\/2\/2020\/03\/009-_-Praxisklinik-Hohenbuschei-9376-768x512.jpg 768w, https:\/\/implacheck.de\/implantologe\/wp-content\/uploads\/sites\/2\/2020\/03\/009-_-Praxisklinik-Hohenbuschei-9376.jpg 1200w\" sizes=\"(max-width: 1024px) 100vw, 1024px\" \/><\/a><\/figure><\/li><li class=\"blocks-gallery-item\"><figure><a href=\"https:\/\/implacheck4-0.implacheck.de\/implantologe\/wp-content\/uploads\/sites\/2\/2020\/03\/016-_-Praxisklinik-Hohenbuschei-9636-1024x683.jpg\"><img loading=\"lazy\" width=\"1024\" height=\"683\" src=\"https:\/\/implacheck4-0.implacheck.de\/implantologe\/wp-content\/uploads\/sites\/2\/2020\/03\/016-_-Praxisklinik-Hohenbuschei-9636-1024x683.jpg\" alt=\"\" data-id=\"669\" data-link=\"https:\/\/implacheck4-0.implacheck.de\/implantologe\/praxisklinik-hohenbuschei\/016-_-praxisklinik-hohenbuschei-9636\/\" class=\"wp-image-669\" srcset=\"https:\/\/implacheck.de\/implantologe\/wp-content\/uploads\/sites\/2\/2020\/03\/016-_-Praxisklinik-Hohenbuschei-9636-1024x683.jpg 1024w, https:\/\/implacheck.de\/implantologe\/wp-content\/uploads\/sites\/2\/2020\/03\/016-_-Praxisklinik-Hohenbuschei-9636-300x200.jpg 300w, https:\/\/implacheck.de\/implantologe\/wp-content\/uploads\/sites\/2\/2020\/03\/016-_-Praxisklinik-Hohenbuschei-9636-768x512.jpg 768w, https:\/\/implacheck.de\/implantologe\/wp-content\/uploads\/sites\/2\/2020\/03\/016-_-Praxisklinik-Hohenbuschei-9636.jpg 1200w\" sizes=\"(max-width: 1024px) 100vw, 1024px\" \/><\/a><\/figure><\/li><li class=\"blocks-gallery-item\"><figure><a href=\"https:\/\/implacheck4-0.implacheck.de\/implantologe\/wp-content\/uploads\/sites\/2\/2020\/03\/IMG_0782-1024x683.jpg\"><img loading=\"lazy\" width=\"1024\" height=\"683\" src=\"https:\/\/implacheck4-0.implacheck.de\/implantologe\/wp-content\/uploads\/sites\/2\/2020\/03\/IMG_0782-1024x683.jpg\" alt=\"\" data-id=\"671\" data-link=\"https:\/\/implacheck4-0.implacheck.de\/implantologe\/praxisklinik-hohenbuschei\/img_0782\/\" class=\"wp-image-671\" srcset=\"https:\/\/implacheck.de\/implantologe\/wp-content\/uploads\/sites\/2\/2020\/03\/IMG_0782-1024x683.jpg 1024w, https:\/\/implacheck.de\/implantologe\/wp-content\/uploads\/sites\/2\/2020\/03\/IMG_0782-300x200.jpg 300w, https:\/\/implacheck.de\/implantologe\/wp-content\/uploads\/sites\/2\/2020\/03\/IMG_0782-768x512.jpg 768w, https:\/\/implacheck.de\/implantologe\/wp-content\/uploads\/sites\/2\/2020\/03\/IMG_0782.jpg 1200w\" sizes=\"(max-width: 1024px) 100vw, 1024px\" \/><\/a><\/figure><\/li><li class=\"blocks-gallery-item\"><figure><a href=\"https:\/\/implacheck4-0.implacheck.de\/implantologe\/wp-content\/uploads\/sites\/2\/2020\/03\/IMG_0882-1024x683.jpg\"><img loading=\"lazy\" width=\"1024\" height=\"683\" src=\"https:\/\/implacheck4-0.implacheck.de\/implantologe\/wp-content\/uploads\/sites\/2\/2020\/03\/IMG_0882-1024x683.jpg\" alt=\"\" data-id=\"672\" data-link=\"https:\/\/implacheck4-0.implacheck.de\/implantologe\/praxisklinik-hohenbuschei\/img_0882\/\" class=\"wp-image-672\" srcset=\"https:\/\/implacheck.de\/implantologe\/wp-content\/uploads\/sites\/2\/2020\/03\/IMG_0882-1024x683.jpg 1024w, https:\/\/implacheck.de\/implantologe\/wp-content\/uploads\/sites\/2\/2020\/03\/IMG_0882-300x200.jpg 300w, https:\/\/implacheck.de\/implantologe\/wp-content\/uploads\/sites\/2\/2020\/03\/IMG_0882-768x512.jpg 768w, https:\/\/implacheck.de\/implantologe\/wp-content\/uploads\/sites\/2\/2020\/03\/IMG_0882.jpg 1200w\" sizes=\"(max-width: 1024px) 100vw, 1024px\" \/><\/a><\/figure><\/li><\/ul><\/figure>\n\n\n\n<\/div><\/div>\n<div class=\"clr\"><\/div>\n\n\n\n<h4>Zahnimplantate Dortmund<\/h4>\n\n\n\n<p>Der Zahnarzt setzt das Zahnimplantat chirurgisch in die Kieferwurzel ein. Implantate werden als Tr\u00e4ger f\u00fcr Zahnersatz (Implantate) verwendet, beispielsweise als Tr\u00e4ger f\u00fcr Kronen, Br\u00fccken oder herausnehmbare Prothesen. Implantate mit geeigneten Prothesen bedeuten nicht nur eine verbesserte Lebensqualit\u00e4t, sondern sind auch aus medizinischer Sicht sehr n\u00fctzlich. Grund: Da die Kaukraft direkt auf den Kieferknochen \u00fcbertragen wird, k\u00f6nnen Zahnimplantate einen Knochenverlust verhindern. Daher ist es wichtig, nicht zu lange auf das Einsetzen des Implantats zu warten, da die Knochen im schlimmsten Fall bis zu einem Grad schrumpfen, der gesundheitssch\u00e4dlich sein kann.<\/p>\n","protected":false},"excerpt":{"rendered":"<p>Liebe Patienten, liebe Besucher, Feste und gesunde Z\u00e4hne spielen eine sehr bedeutende Rolle in unserem Leben. Sie sorgen f\u00fcr mehr Lebensfreude und steigern unser Wohlbefinden. Der Verlust eines Zahnes kann nicht immer verhindert werden. Gehen ein oder mehrere Z\u00e4hne verloren wirkt sich negativ auf die Gesundheit aus. Es kommt zu einem Knochenabbau und einer Ver\u00e4nderung [&hellip;]<\/p>\n","protected":false},"author":1,"featured_media":0,"parent":0,"menu_order":0,"comment_status":"closed","ping_status":"closed","template":"","meta":{"ub_ctt_via":""},"acf":[],"featured_image_src":null,"_links":{"self":[{"href":"https:\/\/implacheck.de\/implantologe\/wp-json\/wp\/v2\/pages\/647"}],"collection":[{"href":"https:\/\/implacheck.de\/implantologe\/wp-json\/wp\/v2\/pages"}],"about":[{"href":"https:\/\/implacheck.de\/implantologe\/wp-json\/wp\/v2\/types\/page"}],"author":[{"embeddable":true,"href":"https:\/\/implacheck.de\/implantologe\/wp-json\/wp\/v2\/users\/1"}],"replies":[{"embeddable":true,"href":"https:\/\/implacheck.de\/implantologe\/wp-json\/wp\/v2\/comments?post=647"}],"version-history":[{"count":4,"href":"https:\/\/implacheck.de\/implantologe\/wp-json\/wp\/v2\/pages\/647\/revisions"}],"predecessor-version":[{"id":1578,"href":"https:\/\/implacheck.de\/implantologe\/wp-json\/wp\/v2\/pages\/647\/revisions\/1578"}],"wp:attachment":[{"href":"https:\/\/implacheck.de\/implantologe\/wp-json\/wp\/v2\/media?parent=647"}],"curies":[{"name":"wp","href":"https:\/\/api.w.org\/{rel}","templated":true}]}}