{"id":416,"date":"2020-02-27T13:17:56","date_gmt":"2020-02-27T12:17:56","guid":{"rendered":"https:\/\/implacheck.de\/implantologe\/?page_id=416"},"modified":"2024-09-27T14:09:36","modified_gmt":"2024-09-27T12:09:36","slug":"daria-niemietz","status":"publish","type":"page","link":"https:\/\/implacheck.de\/implantologe\/daria-niemietz\/","title":{"rendered":"Daria Niemietz"},"content":{"rendered":"\n\n\n<script src=\"https:\/\/dr-flex.de\/embed.js?medicalPracticeId=40222\"><\/script>\n\n\n<div class=\"mobile-impl-contacts\">\n<a href=\"javascript:toggleDrFlexAppointments()\" style=\"...\" class=\"\"><span class=\"icon-calendar\"><\/span><\/a>\n<a href=\"tel:0800 2030200 004\"><span class=\"icon-phone\"><\/span><\/a>\n<a href=\"mailto:info@zahnarzt.hamburg\"><span class=\"icon-paper-plane\"><\/span><\/a>\n<\/div>\n\n\n<div class=\"clr\"><\/div>\n\n\n<div class=\"impl-lp-header\">\n    <!-- impl-header-container -->\n<img src=\"\/implantologe\/wp-content\/uploads\/sites\/2\/2020\/03\/niemitz-titelbild.jpg\" alt=\"Zahnimplantate \">\n    <!-- \/\/impl-header-container -->\n<\/div>\n\n<div class=\"under-header\">\n<div class=\"uh-qualifikationen\"><ul>\r\n<li>setzt j\u00e4hrl. 250 Implantate<\/li>\r\n<li>T\u00e4tigkeitsschwerpunkt Implantologie<\/li>\r\n<\/ul><\/div>\n<div class=\"uh-buttons\">\n\n<a href=\"javascript:toggleDrFlexAppointments()\" style=\"...\" class=\"\"><div><span class=\"icon-calendar\"><\/span> jetzt Erstgespr\u00e4ch buchen<\/div><\/a>\n\n\n<a href=\"tel:0800 2030200 004\"><div><span class=\"icon-phone\"><\/span> 0800 2030200 004<\/div><\/a>\n\n<\/div>\n<\/div>\n<div class=\"clr\"><\/div>\n\n<div class=\"main-content-impl-lp\">\n<div class=\"mci-lp-left\">\n<h1>Daria von Riewel &#8211; Spezialist f\u00fcr Zahnimplantate<\/h1>\n    \n    <!-- impl-PB-container -->\n<img src=\"\/implantologe\/wp-content\/uploads\/sites\/2\/2020\/03\/daria-niemitz.jpg\" alt=\"Daria von Riewel Spezialist f\u00fcr Zahnimplantate\">\n    <!-- \/\/impl-PB-container -->\n    <div class=\"mci-lp-left-qualifikationen\">\n    <ul>\r\n<li>setzt j\u00e4hrl. 250 Implantate<\/li>\r\n<li>T\u00e4tigkeitsschwerpunkt Implantologie<\/li>\r\n<\/ul>\n<div class=\"clr\"><\/div>\n<div class=\"form\"><p>Pers\u00f6nliche Frage stellen<\/p><p class=\"form-ds\">Durch das Absenden des Formulars akzeptieren Sie unsere <a href=\"\/datenschutz\">Datenschutzerkl\u00e4rung<\/a>.<\/p><\/div>\n    <\/div>\n<\/div>\n\n<div class=\"mci-lp-center\">\n    <h2>Ihre Expertin in Hamburg<\/h2>\n    <p>Daria von Riewel ist Ihre Expertin f\u00fcr Zahnimplantate.\nIhre Praxis  finden Sie in der Spitaler Strasse 32 in 20095 Hamburg.\nVereinbaren Sie ein Erstgespr\u00e4ch in der Praxis und lassen Sie sich zu Ihrer individuellen Implantatversorgung beraten. <\/p>\n    <a href=\"javascript:toggleDrFlexAppointments()\" style=\"...\" class=\"\"><span class=\"icon-calendar\"><\/span> jetzt Erstgespr\u00e4ch buchen<\/a>\n    <a href=\"tel:0800 2030200 004\"><span class=\"icon-phone\"><\/span> 0800 2030200 004<\/a>\n    \n   \n    \n<\/div>\n    \n <div class=\"mci-lp-right\">\n     <div class=\"mci-lp-right-inner\">\n<!-- impl-LOGO-container -->\n     <img src=\"\/implantologe\/wp-content\/uploads\/sites\/2\/2020\/03\/daria-niemitz-logo.jpg\" alt=\" - Zahnimplantate\">\n<!-- \/\/impl-LOGO-container -->\n     \n    <div class=\"mci-lp-adress\">\n     <h3>Adresse:<\/h3>\n        Spitaler Strasse 32\n        <p>20095 <b>Hamburg<\/b><\/p>\n     <\/div> \n     \n     <div class=\"mci-lp-contact\">\n     <h3>Kontakt:<\/h3>\n        <p><a href=\"tel:0800 2030200 004\"><span class=\"icon-phone\"><\/span> 0800 2030200 004<\/a><\/p>\n        <p><a href=\"javascript:toggleDrFlexAppointments()\" style=\"...\" class=\"\"><span class=\"icon-calendar\"><\/span> jetzt Erstgespr\u00e4ch buchen<\/a><\/p>\n     <\/div> \n     \n     <div class=\"mci-lp-oez\">\n     <h3>\u00d6ffungszeiten:<\/h3>\n        <div><table>\r\n  <tr>\r\n    <td>Montag<\/td>\r\n    <td>08:00-18:00 Uhr<\/td>\r\n  <\/tr>\r\n  <tr>\r\n    <td>Dienstag<\/td>\r\n    <td>08:00-18:00 Uhr<\/td>\r\n  <\/tr>\r\n  <tr>\r\n    <td>Mittwoch<\/td>\r\n    <td>08:00-18:00 Uhr<\/td>\r\n  <\/tr>\r\n  <tr>\r\n    <td>Donnerstag<\/td>\r\n    <td>08:00-18:00 Uhr<\/td>\r\n  <\/tr>\r\n  <tr>\r\n    <td>Freitag<\/td>\r\n    <td>08:00-13:00 Uhr<\/td>\r\n  <\/tr>\r\n  <tr>\r\n    <td>Samstag<\/td>\r\n    <td>geschlossen<\/td>\r\n  <\/tr>\r\n<\/table><\/div>\n     <\/div> \n     \n     <div class=\"mci-lp-hp\">\n     <a href=\"https:\/\/www.zahnarzt.hamburg\" target=\"_blank\" rel=\"noopener\"><div class=\"link-to-hp\">zur Praxis-Homepage<\/div><\/a>\n     <\/div> \n     <\/div>\n<\/div>        \n<\/div>\n        <div class=\"clr\"><\/div>\n\n\n\n\n\n<\/div>\n<p>Liebe Patienten, liebe Besucher,<br>nach meinem zahnmedizinischen Studium an der Universit\u00e4t in Hamburg im Jahre 2011, verbrachte ich meine 2-j\u00e4hrige Assistenzzeit in einer modernen Praxis in Hamburg. W\u00e4hrend und nach meiner Assistenzzeit hatte ich das Gl\u00fcck, in meinen ersten Berufsjahren von einer Meisterin ihres Fachs begleitet worden zu sein, die mich sehr beeindruckt und inspiriert hat. Mein \u201ezahnmedizinisches Herz\u201c hat immer f\u00fcr die Chirurgie geschlagen, und die Erfahrungen und Eindr\u00fccke, die ich diesem Bereich \u00fcber Jahre sammeln konnte, f\u00fchrten mich dann zu meinem dritten Schwerpunkt, der Implantologie. Im Jahre 2016 legte ich erfolgreich die Pr\u00fcfung des Curriculum Implantologie an der Universit\u00e4t in K\u00f6ln, unter Leitung von Prof. Dr. Dr. Joachim E. Z\u00f6ller, ab. Ebenfalls an der Universit\u00e4t in K\u00f6ln, unter der Leitung von Prof. Dr. Dr. Joachim E. Z\u00f6ller, begann ich 2018 meine Doktorarbeit im Bereich der Implantologie.\n<br><br>\nAu\u00dferdem bin ich Mitglied im Bundesverband der implantologisch t\u00e4tigen Zahn\u00e4rzte in Europa (BDIZ EDI), wo ich meine implantologischen Fortbildungen f\u00fcr die orale implantologische Versorgung von Patienten nach dem aktuellen Stand der Wissenschaft absolviert habe. Eine weitere Leidenschaft in der Zahnmedizin, die sich durch meine sehr hohen \u00e4sthetischen Anspr\u00fcche entwickelt hat, widme ich den hochwertigen \u201eunsichtbaren\u201c Kompositf\u00fcllungen. Einen Zahn f\u00fcr den Empfang eines Fremdk\u00f6rpers in der Form einer F\u00fcllung vorzubereiten, in dem man die Schmelzprismen vorsichtig anraut und eine entsprechende Farbe des Materials aussucht, ist eine hohe Kunst. Eine harmonische Symbiose als \u00e4sthetisch nat\u00fcrliches Ergebnis soll dargestellt werden, damit der \u00dcbergang vom Zahn zur F\u00fcllung nicht erkennbar ist. Es ist wie in der Musik, es mu\u00df sich harmonisch und nat\u00fcrlich anf\u00fchlen. Mit Hilfe von hochwertigen Kompositen, die hohe Keramikanteile beinhalten, konnte ich in 8 Jahren meine Selbststudien durchf\u00fchren, dokumentieren und viele meiner Patienten gl\u00fccklich machen.<br><br>Mein gesamtes Team und ich freuen uns darauf Sie pers\u00f6nlich kennenzulernen.\n<\/p>\n<a href=\"javascript:toggleDrFlexAppointments()\" style=\"...\" class=\"\"><div class=\"btn-erstgespraech\">jetzt Erstgespr\u00e4ch vereinbaren.<\/div><\/a>\n\n\n\n<div class=\"more-lp\">\n\n\n\n<h6>Eindr\u00fccke aus der Praxis<\/h6>\n\n\n\n<figure class=\"wp-block-gallery columns-3 is-cropped\"><ul class=\"blocks-gallery-grid\"><li class=\"blocks-gallery-item\"><figure><img loading=\"lazy\" width=\"1024\" height=\"682\" src=\"https:\/\/implacheck4-0.implacheck.de\/implantologe\/wp-content\/uploads\/sites\/2\/2020\/02\/0_DSC02411_1-1024x682.jpg\" alt=\"\" data-id=\"415\" data-link=\"https:\/\/implacheck4-0.implacheck.de\/implantologe\/0_dsc02411_1\/\" class=\"wp-image-415\" srcset=\"https:\/\/implacheck.de\/implantologe\/wp-content\/uploads\/sites\/2\/2020\/02\/0_DSC02411_1-1024x682.jpg 1024w, https:\/\/implacheck.de\/implantologe\/wp-content\/uploads\/sites\/2\/2020\/02\/0_DSC02411_1-300x200.jpg 300w, https:\/\/implacheck.de\/implantologe\/wp-content\/uploads\/sites\/2\/2020\/02\/0_DSC02411_1-768x512.jpg 768w, https:\/\/implacheck.de\/implantologe\/wp-content\/uploads\/sites\/2\/2020\/02\/0_DSC02411_1-1536x1024.jpg 1536w, https:\/\/implacheck.de\/implantologe\/wp-content\/uploads\/sites\/2\/2020\/02\/0_DSC02411_1.jpg 2000w\" sizes=\"(max-width: 1024px) 100vw, 1024px\" \/><\/figure><\/li><li class=\"blocks-gallery-item\"><figure><img loading=\"lazy\" width=\"1024\" height=\"682\" src=\"https:\/\/implacheck4-0.implacheck.de\/implantologe\/wp-content\/uploads\/sites\/2\/2020\/02\/0_B06A2263-1024x682.jpg\" alt=\"\" data-id=\"414\" data-link=\"https:\/\/implacheck4-0.implacheck.de\/implantologe\/0_b06a2263\/\" class=\"wp-image-414\" srcset=\"https:\/\/implacheck.de\/implantologe\/wp-content\/uploads\/sites\/2\/2020\/02\/0_B06A2263-1024x682.jpg 1024w, https:\/\/implacheck.de\/implantologe\/wp-content\/uploads\/sites\/2\/2020\/02\/0_B06A2263-300x200.jpg 300w, https:\/\/implacheck.de\/implantologe\/wp-content\/uploads\/sites\/2\/2020\/02\/0_B06A2263-768x512.jpg 768w, https:\/\/implacheck.de\/implantologe\/wp-content\/uploads\/sites\/2\/2020\/02\/0_B06A2263-1536x1024.jpg 1536w, https:\/\/implacheck.de\/implantologe\/wp-content\/uploads\/sites\/2\/2020\/02\/0_B06A2263.jpg 2000w\" sizes=\"(max-width: 1024px) 100vw, 1024px\" \/><\/figure><\/li><li class=\"blocks-gallery-item\"><figure><img loading=\"lazy\" width=\"1024\" height=\"682\" src=\"https:\/\/implacheck4-0.implacheck.de\/implantologe\/wp-content\/uploads\/sites\/2\/2020\/02\/0_B06A2261-1024x682.jpg\" alt=\"\" data-id=\"413\" data-link=\"https:\/\/implacheck4-0.implacheck.de\/implantologe\/0_b06a2261\/\" class=\"wp-image-413\" srcset=\"https:\/\/implacheck.de\/implantologe\/wp-content\/uploads\/sites\/2\/2020\/02\/0_B06A2261-1024x682.jpg 1024w, https:\/\/implacheck.de\/implantologe\/wp-content\/uploads\/sites\/2\/2020\/02\/0_B06A2261-300x200.jpg 300w, https:\/\/implacheck.de\/implantologe\/wp-content\/uploads\/sites\/2\/2020\/02\/0_B06A2261-768x512.jpg 768w, https:\/\/implacheck.de\/implantologe\/wp-content\/uploads\/sites\/2\/2020\/02\/0_B06A2261-1536x1024.jpg 1536w, https:\/\/implacheck.de\/implantologe\/wp-content\/uploads\/sites\/2\/2020\/02\/0_B06A2261.jpg 2000w\" sizes=\"(max-width: 1024px) 100vw, 1024px\" \/><\/figure><\/li><li class=\"blocks-gallery-item\"><figure><img loading=\"lazy\" width=\"1024\" height=\"682\" src=\"https:\/\/implacheck4-0.implacheck.de\/implantologe\/wp-content\/uploads\/sites\/2\/2020\/02\/0_B06A2267-1024x682.jpg\" alt=\"\" data-id=\"412\" data-link=\"https:\/\/implacheck4-0.implacheck.de\/implantologe\/0_b06a2267\/\" class=\"wp-image-412\" srcset=\"https:\/\/implacheck.de\/implantologe\/wp-content\/uploads\/sites\/2\/2020\/02\/0_B06A2267-1024x682.jpg 1024w, https:\/\/implacheck.de\/implantologe\/wp-content\/uploads\/sites\/2\/2020\/02\/0_B06A2267-300x200.jpg 300w, https:\/\/implacheck.de\/implantologe\/wp-content\/uploads\/sites\/2\/2020\/02\/0_B06A2267-768x512.jpg 768w, https:\/\/implacheck.de\/implantologe\/wp-content\/uploads\/sites\/2\/2020\/02\/0_B06A2267-1536x1024.jpg 1536w, https:\/\/implacheck.de\/implantologe\/wp-content\/uploads\/sites\/2\/2020\/02\/0_B06A2267.jpg 2000w\" sizes=\"(max-width: 1024px) 100vw, 1024px\" \/><\/figure><\/li><li class=\"blocks-gallery-item\"><figure><img loading=\"lazy\" width=\"1024\" height=\"652\" src=\"https:\/\/implacheck4-0.implacheck.de\/implantologe\/wp-content\/uploads\/sites\/2\/2020\/02\/00_B06A1705_1-1024x652.jpg\" alt=\"\" data-id=\"411\" data-link=\"https:\/\/implacheck4-0.implacheck.de\/implantologe\/00_b06a1705_1\/\" class=\"wp-image-411\" srcset=\"https:\/\/implacheck.de\/implantologe\/wp-content\/uploads\/sites\/2\/2020\/02\/00_B06A1705_1-1024x652.jpg 1024w, https:\/\/implacheck.de\/implantologe\/wp-content\/uploads\/sites\/2\/2020\/02\/00_B06A1705_1-300x191.jpg 300w, https:\/\/implacheck.de\/implantologe\/wp-content\/uploads\/sites\/2\/2020\/02\/00_B06A1705_1-768x489.jpg 768w, https:\/\/implacheck.de\/implantologe\/wp-content\/uploads\/sites\/2\/2020\/02\/00_B06A1705_1-1536x978.jpg 1536w, https:\/\/implacheck.de\/implantologe\/wp-content\/uploads\/sites\/2\/2020\/02\/00_B06A1705_1.jpg 2000w\" sizes=\"(max-width: 1024px) 100vw, 1024px\" \/><\/figure><\/li><li class=\"blocks-gallery-item\"><figure><img loading=\"lazy\" width=\"1024\" height=\"682\" src=\"https:\/\/implacheck4-0.implacheck.de\/implantologe\/wp-content\/uploads\/sites\/2\/2020\/02\/00_B06A1715_1-1024x682.jpg\" alt=\"\" data-id=\"410\" data-link=\"https:\/\/implacheck4-0.implacheck.de\/implantologe\/00_b06a1715_1\/\" class=\"wp-image-410\" srcset=\"https:\/\/implacheck.de\/implantologe\/wp-content\/uploads\/sites\/2\/2020\/02\/00_B06A1715_1-1024x682.jpg 1024w, https:\/\/implacheck.de\/implantologe\/wp-content\/uploads\/sites\/2\/2020\/02\/00_B06A1715_1-300x200.jpg 300w, https:\/\/implacheck.de\/implantologe\/wp-content\/uploads\/sites\/2\/2020\/02\/00_B06A1715_1-768x512.jpg 768w, https:\/\/implacheck.de\/implantologe\/wp-content\/uploads\/sites\/2\/2020\/02\/00_B06A1715_1-1536x1024.jpg 1536w, https:\/\/implacheck.de\/implantologe\/wp-content\/uploads\/sites\/2\/2020\/02\/00_B06A1715_1.jpg 2000w\" sizes=\"(max-width: 1024px) 100vw, 1024px\" \/><\/figure><\/li><li class=\"blocks-gallery-item\"><figure><img loading=\"lazy\" width=\"1024\" height=\"682\" src=\"https:\/\/implacheck4-0.implacheck.de\/implantologe\/wp-content\/uploads\/sites\/2\/2020\/02\/00_B06A1719-1024x682.jpg\" alt=\"\" data-id=\"409\" data-link=\"https:\/\/implacheck4-0.implacheck.de\/implantologe\/00_b06a1719\/\" class=\"wp-image-409\" srcset=\"https:\/\/implacheck.de\/implantologe\/wp-content\/uploads\/sites\/2\/2020\/02\/00_B06A1719-1024x682.jpg 1024w, https:\/\/implacheck.de\/implantologe\/wp-content\/uploads\/sites\/2\/2020\/02\/00_B06A1719-300x200.jpg 300w, https:\/\/implacheck.de\/implantologe\/wp-content\/uploads\/sites\/2\/2020\/02\/00_B06A1719-768x512.jpg 768w, https:\/\/implacheck.de\/implantologe\/wp-content\/uploads\/sites\/2\/2020\/02\/00_B06A1719-1536x1024.jpg 1536w, https:\/\/implacheck.de\/implantologe\/wp-content\/uploads\/sites\/2\/2020\/02\/00_B06A1719.jpg 2000w\" sizes=\"(max-width: 1024px) 100vw, 1024px\" \/><\/figure><\/li><li class=\"blocks-gallery-item\"><figure><img loading=\"lazy\" width=\"1024\" height=\"682\" src=\"https:\/\/implacheck4-0.implacheck.de\/implantologe\/wp-content\/uploads\/sites\/2\/2020\/02\/00_B06A1728-1024x682.jpg\" alt=\"\" data-id=\"408\" data-link=\"https:\/\/implacheck4-0.implacheck.de\/implantologe\/00_b06a1728\/\" class=\"wp-image-408\" srcset=\"https:\/\/implacheck.de\/implantologe\/wp-content\/uploads\/sites\/2\/2020\/02\/00_B06A1728-1024x682.jpg 1024w, https:\/\/implacheck.de\/implantologe\/wp-content\/uploads\/sites\/2\/2020\/02\/00_B06A1728-300x200.jpg 300w, https:\/\/implacheck.de\/implantologe\/wp-content\/uploads\/sites\/2\/2020\/02\/00_B06A1728-768x512.jpg 768w, https:\/\/implacheck.de\/implantologe\/wp-content\/uploads\/sites\/2\/2020\/02\/00_B06A1728-1536x1024.jpg 1536w, https:\/\/implacheck.de\/implantologe\/wp-content\/uploads\/sites\/2\/2020\/02\/00_B06A1728.jpg 2000w\" sizes=\"(max-width: 1024px) 100vw, 1024px\" \/><\/figure><\/li><\/ul><\/figure>\n\n\n\n<h6>Praxisteam<\/h6>\n\n\n\n<\/div>\n<div class=\"clr\"><\/div>\n\n\n\n<p>Zahnimplantate werden von Zahn\u00e4rzten chirurgisch in die Wurzeln des Kieferknochens eingef\u00fchrt. Das Implantat fungiert als Tr\u00e4ger f\u00fcr die Zahnprothese (Implantatk\u00f6rper), beispielsweise f\u00fcr Kronen, Br\u00fccken oder herausnehmbare Prothesen. Zahnimplantate k\u00f6nnen nicht nur einen Zahn ersetzen, sondern bei Bedarf auch mehrere Z\u00e4hne. Zahnimplantate sind eine stabile, sch\u00f6ne und leistungsstarke L\u00f6sung, die verlorene Z\u00e4hne perfekt ersetzen kann. Zahnersatz kann im besten Fall nicht von nat\u00fcrlichen Z\u00e4hnen unterschieden werden. Implantate mit entsprechender Prothese bedeuten nicht nur eine verbesserte Lebensqualit\u00e4t, sondern sind auch aus medizinischer Sicht sehr n\u00fctzlich. Grund: Durch die direkte \u00dcbertragung der Kaukraft auf den Kieferknochen k\u00f6nnen Zahnimplantate einen Knochenverlust verhindern. Daher ist es wichtig, nicht zu lange zu warten, bevor das Implantat eingesetzt wird.<\/p>\n","protected":false},"excerpt":{"rendered":"<p>jetzt Erstgespr\u00e4ch buchen &#8211; Spezialist f\u00fcr Zahnimplantate Pers\u00f6nliche Frage stellen Durch das Absenden des Formulars akzeptieren Sie unsere Datenschutzerkl\u00e4rung. Ihre Expertin in ist Ihre Expertin f\u00fcr Zahnimplantate. Ihre Praxis finden Sie in der in . Vereinbaren Sie ein Erstgespr\u00e4ch in der Praxis und lassen Sie sich zu Ihrer individuellen Implantatversorgung beraten. jetzt Erstgespr\u00e4ch buchen Adresse: [&hellip;]<\/p>\n","protected":false},"author":1,"featured_media":0,"parent":0,"menu_order":0,"comment_status":"closed","ping_status":"closed","template":"","meta":{"ub_ctt_via":""},"acf":[],"featured_image_src":null,"_links":{"self":[{"href":"https:\/\/implacheck.de\/implantologe\/wp-json\/wp\/v2\/pages\/416"}],"collection":[{"href":"https:\/\/implacheck.de\/implantologe\/wp-json\/wp\/v2\/pages"}],"about":[{"href":"https:\/\/implacheck.de\/implantologe\/wp-json\/wp\/v2\/types\/page"}],"author":[{"embeddable":true,"href":"https:\/\/implacheck.de\/implantologe\/wp-json\/wp\/v2\/users\/1"}],"replies":[{"embeddable":true,"href":"https:\/\/implacheck.de\/implantologe\/wp-json\/wp\/v2\/comments?post=416"}],"version-history":[{"count":8,"href":"https:\/\/implacheck.de\/implantologe\/wp-json\/wp\/v2\/pages\/416\/revisions"}],"predecessor-version":[{"id":2385,"href":"https:\/\/implacheck.de\/implantologe\/wp-json\/wp\/v2\/pages\/416\/revisions\/2385"}],"wp:attachment":[{"href":"https:\/\/implacheck.de\/implantologe\/wp-json\/wp\/v2\/media?parent=416"}],"curies":[{"name":"wp","href":"https:\/\/api.w.org\/{rel}","templated":true}]}}